{"id":7193,"date":"2024-05-08T11:28:42","date_gmt":"2024-05-08T15:28:42","guid":{"rendered":"https:\/\/cdk-pr.org\/mata-de-platano-field-station-3\/"},"modified":"2025-02-04T06:59:32","modified_gmt":"2025-02-04T10:59:32","slug":"mata-de-platano-field-station-3","status":"publish","type":"page","link":"https:\/\/cdk-pr.org\/en\/mata-de-platano-field-station-3\/","title":{"rendered":"Mata de Pl\u00e1tano Field Station"},"content":{"rendered":"\n<p><strong><em>Natural Reserve<\/em><\/strong> <\/p>\n\n<p class=\"has-text-align-left\">Welcome. Ciudadanos del Karso, a non-profit organization, will be responsible for the administration and management of the Mata de Pl\u00e1tano Field Station, a role previously carried out by the Interamerican University, Bayam\u00f3n campus. The Station is located in the Mata de Pl\u00e1tano Nature Reserve, 7 km from the center of Arecibo and an hour away from San Juan, Puerto Rico. It serves as a study and research space for students, professors, and individuals interested in learning more about karst ecosystems. The station is equipped with dormitories, a classroom, and other facilities needed for field and laboratory work. It is the only field station in the karst of Puerto Rico.<\/p>\n\n<p class=\"has-text-align-left\"><\/p>\n\n<p><strong><em>The natural environment in Puerto Rico and the Nature Reserve <\/em><\/strong><\/p>\n\n<p>Puerto Rico&#8217;s flora and fauna include both continental elements and species native to the Greater and Lesser Antilles, with over 3,500 vascular plants recorded on the island. Of these, there are more than 750 species of trees. There are 2,329 native species and 1,077 introduced species, some only cultivated and others naturalized. As for mammals, there are 13 species of bats, two of which are endemic to the island, with over 50% endemic to the Antilles. Other terrestrial mammals, such as monkeys, pigs, and mongooses, were introduced. In the waters surrounding the island, 17 species of marine mammals have been reported. Observations have been made of 370 species of birds (17 endemic, 107 residents, 34 introduced, and 229 migratory), 67 species of reptiles (61 native, including 12 from the Anolis genus, and 6 introduced), and 25 species of amphibians (17 from the Eleutherodactylus genus). There are more than 10,500 species of invertebrates.<\/p>\n\n<p>The Station is located on the northern coast, and within less than an hour&#8217;s travel, there are three state forests in the northern karst region and two state forests in the central mountain range on volcanic substrate within an hour&#8217;s drive. It is half an hour away from the Ca\u00f1o Tiburones nature reserve, the largest herbaceous wetland in Puerto Rico. <\/p>\n\n<p>The Mata de Pl\u00e1tano Reserve consists of a humid forest with some undisturbed areas interspersed among different stages of natural succession. Next to the Mata de Pl\u00e1tano reserve is the El Tallonal reserve, and together they cover 162 hectares. The Tanam\u00e1 River borders the El Tallonal reserve for nearly a kilometer. In both reserves, there are several observation points distributed across the various stages of forest succession, making it ideal for research. The most notable aspect of the fauna in &#8220;Mata de Pl\u00e1tano&#8221; is the bat-boa interactions. <\/p>\n\n<p><strong><em>Research <\/em><\/strong><\/p>\n\n<p>The reserve is suitable for research activities ranging from the physical sciences to the social sciences, and even the humanities. The most active areas of research have been plant ecology, phenology, natural community ecology, and restoration ecology. <\/p>\n\n<p>Some recent research topics worked at the Reserve include:<\/p>\n\n<p>&#8211; Thermal ecology and movement patterns of <em>Anolis<\/em> lizards.<\/p>\n\n<p>&#8211; Understanding temporal changes in bat communities through paleontological excavations.<\/p>\n\n<p>&#8211; Population estimates of hot cave bat assemblages in Puerto Rico.<\/p>\n\n<p>&#8211; Population dynamics of different taxonomic groups, with emphasis on birds. <\/p>\n\n<p>-Management of endangered species and &#8220;<em>Gap Analysis&#8221;.<\/em><\/p>\n\n<p>&#8211; Groundwater mapping using remote sensing imagery in a karst terrain.<\/p>\n\n<p>  But the Reserve is more than a center for scientific research. It is also an excellent training ground, for students to become better observers of natural and cultural systems, to be inspired by the environment, and to become effective natural historians or science communicators to the general public. Indeed, the Reserve is itself a powerful example of the importance of understanding the legal and economic frameworks in which environmental conservation thrives, despite the difficulties. Citizens of Karso invites law professors, social planners, geographers, anthropologists, historians, sociologists, and humanists to consider the Reserve as a space in which to conduct research and train students. The complexity of karst systems demands a diversity of interdisciplinary approaches, and the Reserve is open to all of them.    <\/p>\n\n<p>A compilation on the importance, complexity and opportunities of karso in Puerto Rico is available at: <a href=\"https:\/\/data.fs.usda.gov\/research\/pubs\/iitf\/pr_karst_english.pdf\">https:\/\/data.fs.usda.gov\/research\/pubs\/iitf\/pr_karst_english.pdf<\/a><\/p>\n\n<p><strong><em>Facilities<\/em><\/strong><\/p>\n\n<p>There are a total of twenty-two (22) beds (double bunk beds) distributed on two floors. There are individual double bathrooms on the second floor and a shared bathroom on the second floor. In addition, on the second floor there is a kitchen, a small classroom, a laboratory and a large terrace.  <\/p>\n\n<p>The Station is 15 minutes away from pharmacies, bakeries, hardware stores, supermarkets, and restaurants, and less than 30 minutes from hospitals and shopping centers.<\/p>\n\n<p><strong><em>Station Facilities<\/em><\/strong><\/p>\n\n<div class=\"wp-block-group has-base-2-background-color has-background has-global-padding is-content-justification-center is-layout-constrained wp-container-core-group-is-layout-b189c414 wp-block-group-is-layout-constrained\" style=\"border-radius:31px;margin-top:var(--wp--preset--spacing--30);margin-bottom:var(--wp--preset--spacing--30);padding-top:var(--wp--preset--spacing--20);padding-right:var(--wp--preset--spacing--20);padding-bottom:var(--wp--preset--spacing--20);padding-left:var(--wp--preset--spacing--20)\">\n<div class=\"wp-block-columns is-not-stacked-on-mobile is-layout-flex wp-container-core-columns-is-layout-28f84493 wp-block-columns-is-layout-flex\">\n<div class=\"wp-block-column is-layout-flow wp-block-column-is-layout-flow\" style=\"flex-basis:100%\">\n<div class=\"wp-block-group is-nowrap is-layout-flex wp-container-core-group-is-layout-6c531013 wp-block-group-is-layout-flex\">\n<figure class=\"wp-block-image alignleft size-full\"><img decoding=\"async\" src=\"https:\/\/cdk-pr.org\/wp-content\/uploads\/2024\/03\/ico-camas.svg\" alt=\"\" class=\"wp-image-6687\" \/><\/figure>\n\n\n\n<p>Beds<\/p>\n<\/div>\n<\/div>\n\n\n\n<div class=\"wp-block-column is-layout-flow wp-block-column-is-layout-flow\" style=\"flex-basis:100%\">\n<div class=\"wp-block-group is-nowrap is-layout-flex wp-container-core-group-is-layout-6c531013 wp-block-group-is-layout-flex\">\n<figure class=\"wp-block-image alignleft size-full\"><img decoding=\"async\" src=\"https:\/\/cdk-pr.org\/wp-content\/uploads\/2024\/03\/ico-sala-reuniones.svg\" alt=\"\" class=\"wp-image-6692\" \/><\/figure>\n\n\n\n<p>Meeting room<\/p>\n<\/div>\n<\/div>\n<\/div>\n\n\n\n<div class=\"wp-block-columns is-not-stacked-on-mobile is-layout-flex wp-container-core-columns-is-layout-28f84493 wp-block-columns-is-layout-flex\">\n<div class=\"wp-block-column is-layout-flow wp-block-column-is-layout-flow\" style=\"flex-basis:100%\">\n<div class=\"wp-block-group is-content-justification-left is-nowrap is-layout-flex wp-container-core-group-is-layout-fc9f69e7 wp-block-group-is-layout-flex\">\n<figure class=\"wp-block-image size-full\"><img decoding=\"async\" src=\"https:\/\/cdk-pr.org\/wp-content\/uploads\/2024\/03\/ico-bano.svg\" alt=\"\" class=\"wp-image-6686\" \/><\/figure>\n\n\n\n<p>Bath<\/p>\n<\/div>\n<\/div>\n\n\n\n<div class=\"wp-block-column is-layout-flow wp-block-column-is-layout-flow\" style=\"flex-basis:100%\">\n<div class=\"wp-block-group is-content-justification-space-between is-nowrap is-layout-flex wp-container-core-group-is-layout-cb46ffcb wp-block-group-is-layout-flex\">\n<div class=\"wp-block-group is-content-justification-space-between is-nowrap is-layout-flex wp-container-core-group-is-layout-cb46ffcb wp-block-group-is-layout-flex\">\n<figure class=\"wp-block-image size-full\"><img decoding=\"async\" src=\"https:\/\/cdk-pr.org\/wp-content\/uploads\/2024\/03\/ico-wifi.svg\" alt=\"\" class=\"wp-image-6693\" \/><\/figure>\n\n\n\n<p>Wifi<\/p>\n<\/div>\n<\/div>\n<\/div>\n<\/div>\n\n\n\n<div class=\"wp-block-columns is-not-stacked-on-mobile is-layout-flex wp-container-core-columns-is-layout-28f84493 wp-block-columns-is-layout-flex\">\n<div class=\"wp-block-column is-layout-flow wp-block-column-is-layout-flow\" style=\"flex-basis:100%\">\n<div class=\"wp-block-group is-content-justification-left is-nowrap is-layout-flex wp-container-core-group-is-layout-fc9f69e7 wp-block-group-is-layout-flex\">\n<figure class=\"wp-block-image size-full\"><img decoding=\"async\" src=\"https:\/\/cdk-pr.org\/wp-content\/uploads\/2024\/03\/ico-sacos-dormir.svg\" alt=\"\" class=\"wp-image-6691\" \/><\/figure>\n\n\n\n<p>Sleeping bags<\/p>\n<\/div>\n<\/div>\n\n\n\n<div class=\"wp-block-column is-layout-flow wp-block-column-is-layout-flow\" style=\"flex-basis:100%\">\n<div class=\"wp-block-group is-content-justification-space-between is-nowrap is-layout-flex wp-container-core-group-is-layout-cb46ffcb wp-block-group-is-layout-flex\">\n<div class=\"wp-block-group is-content-justification-space-between is-nowrap is-layout-flex wp-container-core-group-is-layout-cb46ffcb wp-block-group-is-layout-flex\">\n<figure class=\"wp-block-image size-full\"><img decoding=\"async\" src=\"https:\/\/cdk-pr.org\/wp-content\/uploads\/2024\/03\/ico-laboratorio.svg\" alt=\"\" class=\"wp-image-6689\" \/><\/figure>\n\n\n\n<p>Laboratory<\/p>\n<\/div>\n<\/div>\n<\/div>\n<\/div>\n\n\n\n<div class=\"wp-block-columns is-not-stacked-on-mobile is-layout-flex wp-container-core-columns-is-layout-28f84493 wp-block-columns-is-layout-flex\">\n<div class=\"wp-block-column is-layout-flow wp-block-column-is-layout-flow\" style=\"flex-basis:100%\">\n<div class=\"wp-block-group is-content-justification-left is-nowrap is-layout-flex wp-container-core-group-is-layout-fc9f69e7 wp-block-group-is-layout-flex\">\n<figure class=\"wp-block-image size-full\"><img decoding=\"async\" src=\"https:\/\/cdk-pr.org\/wp-content\/uploads\/2024\/03\/ico-lavadora.svg\" alt=\"\" class=\"wp-image-6690\" \/><\/figure>\n\n\n\n<p>Clothes washers<\/p>\n<\/div>\n<\/div>\n\n\n\n<div class=\"wp-block-column is-layout-flow wp-block-column-is-layout-flow\" style=\"flex-basis:100%\">\n<div class=\"wp-block-group is-content-justification-space-between is-nowrap is-layout-flex wp-container-core-group-is-layout-cb46ffcb wp-block-group-is-layout-flex\">\n<div class=\"wp-block-group is-content-justification-space-between is-nowrap is-layout-flex wp-container-core-group-is-layout-cb46ffcb wp-block-group-is-layout-flex\">\n<figure class=\"wp-block-image size-full\"><img decoding=\"async\" src=\"https:\/\/cdk-pr.org\/wp-content\/uploads\/2024\/03\/ico-cocina.svg\" alt=\"\" class=\"wp-image-6688\" \/><\/figure>\n\n\n\n<p>Kitchen<\/p>\n<\/div>\n<\/div>\n<\/div>\n<\/div>\n<\/div>\n\n<p><strong>Pets<\/strong><\/p>\n\n<p>Please note that pets are not allowed at any field location.<\/p>\n\n<div class=\"wp-block-group has-base-2-background-color has-background has-global-padding is-content-justification-center is-layout-constrained wp-container-core-group-is-layout-b189c414 wp-block-group-is-layout-constrained\" style=\"border-radius:31px;margin-top:var(--wp--preset--spacing--30);margin-bottom:var(--wp--preset--spacing--30);padding-top:var(--wp--preset--spacing--20);padding-right:var(--wp--preset--spacing--20);padding-bottom:var(--wp--preset--spacing--20);padding-left:var(--wp--preset--spacing--20)\">\n<p><strong><em>Important Information<\/em><\/strong> <\/p>\n\n\n\n<ul class=\"wp-block-list\">\n<li>Luggage from flights arriving from the continental United States is not subject to customs inspection, but plant and animal material leaving Puerto Rico is inspected by the U.S. Department of Agriculture. <\/li>\n\n\n\n<li>No alterations to the Station or the Reserve area are allowed without prior authorization from Ciudadanos del Karso. <\/li>\n\n\n\n<li>The appropriate permits must be obtained from the Puerto Rico Department of Natural and Environmental Resources -DNER- for wildlife research. Also permits are required from the DNER and the U.S. Fish and Wildlife Service for any protected threatened or endangered species. Evidence of all required permits must be submitted before the start of any project. <\/li>\n\n\n\n<li>We kindly request a copy of any publication in which the Field Station or Nature Reserve is involved, and that credit is given to the Station in the acknowledgments. <\/li>\n\n\n\n<li>Upon registration, you will receive an information packet. The package will provide instructions, policies, and other documents that are urgent and require acknowledgment and signature It is important to read the material provided and respond according to the instructions as soon as possible. <\/li>\n<\/ul>\n<\/div>\n\n<blockquote class=\"wp-block-quote has-small-font-size is-layout-flow wp-container-core-quote-is-layout-8a368f38 wp-block-quote-is-layout-flow\">\n \n\n\n\n<p class=\"has-small-font-size\" style=\"padding-top:0;padding-bottom:0\"><\/p>\n<\/blockquote>\n","protected":false},"excerpt":{"rendered":"<p>Natural Reserve Welcome. Ciudadanos del Karso, a non-profit organization, will be responsible for the administration and management of the Mata de Pl\u00e1tano Field Station, a role previously carried out by the Interamerican University, Bayam\u00f3n campus. The Station is located in the Mata de Pl\u00e1tano Nature Reserve, 7 km from the center of Arecibo and an [&hellip;]<\/p>\n","protected":false},"author":4,"featured_media":6779,"parent":0,"menu_order":0,"comment_status":"closed","ping_status":"closed","template":"","meta":{"footnotes":""},"class_list":["post-7193","page","type-page","status-publish","has-post-thumbnail","hentry"],"_links":{"self":[{"href":"https:\/\/cdk-pr.org\/en\/wp-json\/wp\/v2\/pages\/7193","targetHints":{"allow":["GET"]}}],"collection":[{"href":"https:\/\/cdk-pr.org\/en\/wp-json\/wp\/v2\/pages"}],"about":[{"href":"https:\/\/cdk-pr.org\/en\/wp-json\/wp\/v2\/types\/page"}],"author":[{"embeddable":true,"href":"https:\/\/cdk-pr.org\/en\/wp-json\/wp\/v2\/users\/4"}],"replies":[{"embeddable":true,"href":"https:\/\/cdk-pr.org\/en\/wp-json\/wp\/v2\/comments?post=7193"}],"version-history":[{"count":14,"href":"https:\/\/cdk-pr.org\/en\/wp-json\/wp\/v2\/pages\/7193\/revisions"}],"predecessor-version":[{"id":7431,"href":"https:\/\/cdk-pr.org\/en\/wp-json\/wp\/v2\/pages\/7193\/revisions\/7431"}],"wp:featuredmedia":[{"embeddable":true,"href":"https:\/\/cdk-pr.org\/en\/wp-json\/wp\/v2\/media\/6779"}],"wp:attachment":[{"href":"https:\/\/cdk-pr.org\/en\/wp-json\/wp\/v2\/media?parent=7193"}],"curies":[{"name":"wp","href":"https:\/\/api.w.org\/{rel}","templated":true}]}}